{"id":8737,"date":"2023-07-18T16:05:34","date_gmt":"2023-07-18T16:05:34","guid":{"rendered":"http:\/\/royalaestheticstechnology.com\/?page_id=8737"},"modified":"2023-08-08T00:33:05","modified_gmt":"2023-08-08T00:33:05","slug":"pmu","status":"publish","type":"page","link":"https:\/\/royalaestheticstechnology.com\/index.php\/pmu\/","title":{"rendered":"PMU"},"content":{"rendered":"\t\t<div data-elementor-type=\"wp-page\" data-elementor-id=\"8737\" class=\"elementor elementor-8737\">\n\t\t\t\t\t\t\t\t\t<section class=\"wd-negative-gap elementor-section elementor-top-section elementor-element elementor-element-6da1d06 elementor-section-boxed elementor-section-height-default elementor-section-height-default wd-section-disabled\" data-id=\"6da1d06\" data-element_type=\"section\">\n\t\t\t\t\t\t<div class=\"elementor-container elementor-column-gap-default\">\n\t\t\t\t\t<div class=\"elementor-column elementor-col-66 elementor-top-column elementor-element elementor-element-aa34d8b\" data-id=\"aa34d8b\" data-element_type=\"column\">\n\t\t\t<div class=\"elementor-widget-wrap elementor-element-populated\">\n\t\t\t\t\t\t\t\t<div class=\"elementor-element elementor-element-64c9b05 elementor-widget elementor-widget-wd_text_block\" data-id=\"64c9b05\" data-element_type=\"widget\" data-widget_type=\"wd_text_block.default\">\n\t\t\t\t<div class=\"elementor-widget-container\">\n\t\t\t\t\t<div class=\"wd-text-block reset-last-child text-left\">\n\t\t\t\n\t\t\t<p>Een PMU-apparaat verwijst naar een apparaat dat wordt gebruikt bij permanente make-up (PMU), ook bekend als microblading of cosmetische tatoeage. PMU is een cosmetische techniek waarbij pigment in de bovenste lagen van de huid wordt ge\u00efnjecteerd om de illusie van make-up te cre\u00ebren, zoals wenkbrauwen, eyeliners of lippen.<\/p><p>Het PMU-apparaat is speciaal ontworpen voor nauwkeurige en gecontroleerde pigmentatie. Het bestaat meestal uit een handstuk en een naaldmodule. Het handstuk kan vari\u00ebren in vorm en grootte, afhankelijk van het specifieke doel, maar het biedt meestal een comfortabele grip voor de professional die de behandeling uitvoert. De naaldmodule bevat een of meerdere naalden die pigment in de huid brengen.<\/p><p>Het PMU-apparaat wordt gebruikt door getrainde PMU-artiesten om verschillende cosmetische effecten te bereiken:<\/p><ol><li>Wenkbrauwen: Met behulp van het PMU-apparaat kunnen de vorm en dikte van de wenkbrauwen worden geperfectioneerd. De naald wordt gebruikt om kleine haarachtige streken te simuleren, wat resulteert in natuurlijk ogende wenkbrauwen.<\/li><li>Eyeliners: Met het PMU-apparaat kan een dunne lijn pigment langs de wimperlijn worden getatoe\u00eberd, waardoor het uiterlijk van vollere wimpers ontstaat.<\/li><li>Lippen: Bij het tatoe\u00ebren van de lippen kan het PMU-apparaat worden gebruikt om de lipcontouren te defini\u00ebren, de kleurintensiteit te verhogen of om een volledig gekleurde lipvorm te cre\u00ebren.<\/li><\/ol><p>Het gebruik van een PMU-apparaat vereist technische vaardigheid, precisie en hygi\u00ebnische voorzorgsmaatregelen. Het is belangrijk dat de behandeling wordt uitgevoerd door een goed opgeleide professional die bekend is met de techniek en de veiligheidsrichtlijnen volgt.<\/p><p>Als je overweegt permanente make-up te laten aanbrengen, is het raadzaam om een gekwalificeerde PMU-specialist te raadplegen, hun ervaring en certificering te verifi\u00ebren, en eventuele vragen te stellen over het proces, de nazorg en mogelijke risico's.<\/p>\n\t\t\t\t\t<\/div>\n\t\t\t\t<\/div>\n\t\t\t\t<\/div>\n\t\t\t\t\t<\/div>\n\t\t<\/div>\n\t\t\t\t<div class=\"elementor-column elementor-col-33 elementor-top-column elementor-element elementor-element-2af8763\" data-id=\"2af8763\" data-element_type=\"column\">\n\t\t\t<div class=\"elementor-widget-wrap elementor-element-populated\">\n\t\t\t\t\t\t\t\t<div class=\"elementor-element elementor-element-d156873 elementor-widget elementor-widget-wd_image_or_svg\" data-id=\"d156873\" data-element_type=\"widget\" data-widget_type=\"wd_image_or_svg.default\">\n\t\t\t\t<div class=\"elementor-widget-container\">\n\t\t\t\n\t\t<div class=\"wd-image text-left\">\n\t\t\t\t\t\t\t\t\t\t\t\t\t<\/div>\n\n\t\t\t\t<\/div>\n\t\t\t\t<\/div>\n\t\t\t\t\t<\/div>\n\t\t<\/div>\n\t\t\t\t\t\t\t<\/div>\n\t\t<\/section>\n\t\t\t\t<section class=\"wd-negative-gap elementor-section elementor-top-section elementor-element elementor-element-6fa8461 elementor-section-boxed elementor-section-height-default elementor-section-height-default wd-section-disabled\" data-id=\"6fa8461\" data-element_type=\"section\">\n\t\t\t\t\t\t<div class=\"elementor-container elementor-column-gap-default\">\n\t\t\t\t\t<div class=\"elementor-column elementor-col-100 elementor-top-column elementor-element elementor-element-cba6c7a\" data-id=\"cba6c7a\" data-element_type=\"column\">\n\t\t\t<div class=\"elementor-widget-wrap elementor-element-populated\">\n\t\t\t\t\t\t\t\t<div class=\"elementor-element elementor-element-7ecafbe elementor-widget elementor-widget-spacer\" data-id=\"7ecafbe\" data-element_type=\"widget\" data-widget_type=\"spacer.default\">\n\t\t\t\t<div class=\"elementor-widget-container\">\n\t\t\t<style>\/*! elementor - v3.12.1 - 02-04-2023 *\/\n.elementor-column .elementor-spacer-inner{height:var(--spacer-size)}.e-con{--container-widget-width:100%}.e-con-inner>.elementor-widget-spacer,.e-con>.elementor-widget-spacer{width:var(--container-widget-width,var(--spacer-size));--align-self:var(--container-widget-align-self,initial);--flex-shrink:0}.e-con-inner>.elementor-widget-spacer>.elementor-widget-container,.e-con-inner>.elementor-widget-spacer>.elementor-widget-container>.elementor-spacer,.e-con>.elementor-widget-spacer>.elementor-widget-container,.e-con>.elementor-widget-spacer>.elementor-widget-container>.elementor-spacer{height:100%}.e-con-inner>.elementor-widget-spacer>.elementor-widget-container>.elementor-spacer>.elementor-spacer-inner,.e-con>.elementor-widget-spacer>.elementor-widget-container>.elementor-spacer>.elementor-spacer-inner{height:var(--container-widget-height,var(--spacer-size))}<\/style>\t\t<div class=\"elementor-spacer\">\n\t\t\t<div class=\"elementor-spacer-inner\"><\/div>\n\t\t<\/div>\n\t\t\t\t<\/div>\n\t\t\t\t<\/div>\n\t\t\t\t\t<\/div>\n\t\t<\/div>\n\t\t\t\t\t\t\t<\/div>\n\t\t<\/section>\n\t\t\t\t\t\t\t<\/div>\n\t\t","protected":false},"excerpt":{"rendered":"<p>Een PMU-apparaat verwijst naar een apparaat dat wordt gebruikt bij permanente make-up (PMU), ook bekend als microblading of cosmetische tatoeage.<\/p>\n","protected":false},"author":1,"featured_media":0,"parent":0,"menu_order":0,"comment_status":"closed","ping_status":"closed","template":"","meta":{"footnotes":""},"class_list":["post-8737","page","type-page","status-publish","hentry"],"_links":{"self":[{"href":"https:\/\/royalaestheticstechnology.com\/index.php\/wp-json\/wp\/v2\/pages\/8737","targetHints":{"allow":["GET"]}}],"collection":[{"href":"https:\/\/royalaestheticstechnology.com\/index.php\/wp-json\/wp\/v2\/pages"}],"about":[{"href":"https:\/\/royalaestheticstechnology.com\/index.php\/wp-json\/wp\/v2\/types\/page"}],"author":[{"embeddable":true,"href":"https:\/\/royalaestheticstechnology.com\/index.php\/wp-json\/wp\/v2\/users\/1"}],"replies":[{"embeddable":true,"href":"https:\/\/royalaestheticstechnology.com\/index.php\/wp-json\/wp\/v2\/comments?post=8737"}],"version-history":[{"count":19,"href":"https:\/\/royalaestheticstechnology.com\/index.php\/wp-json\/wp\/v2\/pages\/8737\/revisions"}],"predecessor-version":[{"id":9194,"href":"https:\/\/royalaestheticstechnology.com\/index.php\/wp-json\/wp\/v2\/pages\/8737\/revisions\/9194"}],"wp:attachment":[{"href":"https:\/\/royalaestheticstechnology.com\/index.php\/wp-json\/wp\/v2\/media?parent=8737"}],"curies":[{"name":"wp","href":"https:\/\/api.w.org\/{rel}","templated":true}]}}